{"id":31,"date":"2016-12-17T22:04:42","date_gmt":"2016-12-17T22:04:42","guid":{"rendered":"http:\/\/edv-konzeption.de\/?page_id=31"},"modified":"2016-12-18T15:19:39","modified_gmt":"2016-12-18T15:19:39","slug":"radiorecbox","status":"publish","type":"page","link":"https:\/\/edv-konzeption.de\/?page_id=31","title":{"rendered":"RadioRecBox"},"content":{"rendered":"<p><strong>Datenschutzerkl\u00e4rung<\/strong><br \/>\n<strong>APP RadioRecBox<\/strong><\/p>\n<p>Datenschutz<\/p>\n<p>Die Betreiber dieser Seiten nehmen den Schutz Ihrer pers\u00f6nlichen Daten sehr ernst. Wir spechern keine personenbezogenen Daten vertraulich und entsprechend der gesetzlichen Datenschutzvorschriften sowie dieser Datenschutzerkl\u00e4rung.<br \/>\nDie Nutzung unserer App ist in der Regel ohne Angabe personenbezogener Daten.<br \/>\nWir weisen darauf hin, dass die Daten\u00fcbertragung im Internet (z.B. bei der Kommunikation per E-Mail) Sicherheitsl\u00fccken aufweisen kann. Ein l\u00fcckenloser Schutz der Daten vor dem Zugriff durch Dritte ist nicht m\u00f6glich.<br \/>\nDaten der App sind ausschlieslich lokal gespeichert und es gibt keine Verbindung zu Serverdiensten.<br \/>\nDie Steaming Daten kommen direkt aus dem Internet und dienen nur dem Empfang von Musik. Die Recordingdaten werden nur auf dem Handy gespeichert.<br \/>\nF\u00fcr die Nutzung dieser Daten ist der APP User selbst verantwortlich.<br \/>\nDie Aufnahmefunktion mu\u00df nach den Urheberrechtlichen Bedingungen stattfinden.<\/p>\n<p>Team EDV-Konzeption<\/p>\n","protected":false},"excerpt":{"rendered":"<p>Datenschutzerkl\u00e4rung APP RadioRecBox Datenschutz Die Betreiber dieser Seiten nehmen den Schutz Ihrer pers\u00f6nlichen Daten sehr ernst. Wir spechern keine personenbezogenen Daten vertraulich und entsprechend der<\/p>\n","protected":false},"author":1,"featured_media":0,"parent":0,"menu_order":0,"comment_status":"closed","ping_status":"closed","template":"","meta":{"footnotes":""},"class_list":["post-31","page","type-page","status-publish","hentry"],"_links":{"self":[{"href":"https:\/\/edv-konzeption.de\/index.php?rest_route=\/wp\/v2\/pages\/31"}],"collection":[{"href":"https:\/\/edv-konzeption.de\/index.php?rest_route=\/wp\/v2\/pages"}],"about":[{"href":"https:\/\/edv-konzeption.de\/index.php?rest_route=\/wp\/v2\/types\/page"}],"author":[{"embeddable":true,"href":"https:\/\/edv-konzeption.de\/index.php?rest_route=\/wp\/v2\/users\/1"}],"replies":[{"embeddable":true,"href":"https:\/\/edv-konzeption.de\/index.php?rest_route=%2Fwp%2Fv2%2Fcomments&post=31"}],"version-history":[{"count":4,"href":"https:\/\/edv-konzeption.de\/index.php?rest_route=\/wp\/v2\/pages\/31\/revisions"}],"predecessor-version":[{"id":62,"href":"https:\/\/edv-konzeption.de\/index.php?rest_route=\/wp\/v2\/pages\/31\/revisions\/62"}],"wp:attachment":[{"href":"https:\/\/edv-konzeption.de\/index.php?rest_route=%2Fwp%2Fv2%2Fmedia&parent=31"}],"curies":[{"name":"wp","href":"https:\/\/api.w.org\/{rel}","templated":true}]}}